{"id":2,"date":"2017-09-25T20:42:24","date_gmt":"2017-09-25T20:42:24","guid":{"rendered":"https:\/\/www.videogameslegal.pl\/?page_id=2"},"modified":"2023-04-19T16:04:58","modified_gmt":"2023-04-19T16:04:58","slug":"about","status":"publish","type":"page","link":"https:\/\/www.videogameslegal.pl\/?page_id=2","title":{"rendered":"Autor"},"content":{"rendered":"<p><img decoding=\"async\" class=\"alignleft\" src=\"https:\/\/www.videogameslegal.pl\/wp-content\/uploads\/2017\/09\/marcin_balicki.jpg\" \/>Jestem adwokatem oraz zawodowym pe\u0142nomocnikiem przed EUIPO. Na co dzie\u0144 wytrwale zmagam si\u0119<br \/>\nz nieoczywistym pi\u0119knem<br \/>\ni u\u0142omno\u015bciami prawa w\u0142asno\u015bci intelektualnej, zw\u0142aszcza<br \/>\nz jak najbardziej sprawnym przek\u0142adaniem go na praktyk\u0119 dzia\u0142ania studi\u00f3w filmowych, producent\u00f3w gier wideo, agencji reklamowych, grafik\u00f3w i projektant\u00f3w form przemys\u0142owych. Poza tym zajmuj\u0119 si\u0119 prawem kontraktowym, nowoczesnych technologii, zwalczania nieuczciwej konkurencji oraz ochrony danych osobowych. Swoimi do\u015bwiadczeniami dziel\u0119 si\u0119 na konferencjach i szkoleniach. Na Uniwersytecie Jagiello\u0144skim uzyska\u0142em stopie\u0144 doktora nauk prawnych ze specjalizacj\u0105 prawo w\u0142asno\u015bci intelektualnej. Jestem arbitrem S\u0105du Polubownego ds. Domen Internetowych przy Polskiej Izbie Informatyki i Telekomunikacji oraz cz\u0142onkiem Stowarzyszenia Prawa Nowych Technologii.<\/p>\n<div class=\"fcbkbttn_buttons_block\" id=\"fcbkbttn_left\"><div class=\"fcbkbttn_like \"><fb:like href=\"https:\/\/www.videogameslegal.pl\/?page_id=2\" action=\"like\" colorscheme=\"light\" layout=\"standard\"  width=\"450px\" size=\"small\"><\/fb:like><\/div><div class=\"fb-share-button  \" data-href=\"https:\/\/www.videogameslegal.pl\/?page_id=2\" data-type=\"button_count\" data-size=\"small\"><\/div><\/div>","protected":false},"excerpt":{"rendered":"<p class=\"post-excerpt\">Jestem adwokatem oraz zawodowym pe\u0142nomocnikiem przed EUIPO. Na co dzie\u0144 wytrwale zmagam si\u0119 z nieoczywistym pi\u0119knem i u\u0142omno\u015bciami prawa w\u0142asno\u015bci&#8230;<\/p>\n","protected":false},"author":1,"featured_media":0,"parent":0,"menu_order":0,"comment_status":"open","ping_status":"open","template":"","meta":[],"_links":{"self":[{"href":"https:\/\/www.videogameslegal.pl\/index.php?rest_route=\/wp\/v2\/pages\/2"}],"collection":[{"href":"https:\/\/www.videogameslegal.pl\/index.php?rest_route=\/wp\/v2\/pages"}],"about":[{"href":"https:\/\/www.videogameslegal.pl\/index.php?rest_route=\/wp\/v2\/types\/page"}],"author":[{"embeddable":true,"href":"https:\/\/www.videogameslegal.pl\/index.php?rest_route=\/wp\/v2\/users\/1"}],"replies":[{"embeddable":true,"href":"https:\/\/www.videogameslegal.pl\/index.php?rest_route=%2Fwp%2Fv2%2Fcomments&post=2"}],"version-history":[{"count":26,"href":"https:\/\/www.videogameslegal.pl\/index.php?rest_route=\/wp\/v2\/pages\/2\/revisions"}],"predecessor-version":[{"id":154,"href":"https:\/\/www.videogameslegal.pl\/index.php?rest_route=\/wp\/v2\/pages\/2\/revisions\/154"}],"wp:attachment":[{"href":"https:\/\/www.videogameslegal.pl\/index.php?rest_route=%2Fwp%2Fv2%2Fmedia&parent=2"}],"curies":[{"name":"wp","href":"https:\/\/api.w.org\/{rel}","templated":true}]}}