{"id":16,"date":"2017-09-26T09:14:11","date_gmt":"2017-09-26T09:14:11","guid":{"rendered":"https:\/\/www.videogameslegal.pl\/?page_id=16"},"modified":"2017-09-30T13:01:59","modified_gmt":"2017-09-30T13:01:59","slug":"blog","status":"publish","type":"page","link":"https:\/\/www.videogameslegal.pl\/?page_id=16","title":{"rendered":"Blog"},"content":{"rendered":"<p>Zdecydowa\u0142em si\u0119 na formu\u0142\u0119 bloga, poniewa\u017c pozwala mi ona w do\u015b\u0107 swobodny spos\u00f3b omawia\u0107 problemy, z kt\u00f3rymi stykam si\u0119 w praktyce lub dzieli\u0107 spostrze\u017ceniami odno\u015bnie prawa (zw\u0142aszcza &#8211; w\u0142asno\u015bci intelektualnej) w procesie tworzenia gier wideo. Dlatego wpisy s\u0105 przede wszystkim zaproszeniem do wsp\u00f3lnej dyskusji, a nie poradami prawnymi. Formalnym wsparciem prawnym ch\u0119tnie s\u0142u\u017c\u0119 w ramach kancelarii.<\/p>\n<div class=\"fcbkbttn_buttons_block\" id=\"fcbkbttn_left\"><div class=\"fcbkbttn_like \"><fb:like href=\"https:\/\/www.videogameslegal.pl\/?page_id=16\" action=\"like\" colorscheme=\"light\" layout=\"standard\"  width=\"450px\" size=\"small\"><\/fb:like><\/div><div class=\"fb-share-button  \" data-href=\"https:\/\/www.videogameslegal.pl\/?page_id=16\" data-type=\"button_count\" data-size=\"small\"><\/div><\/div>","protected":false},"excerpt":{"rendered":"<p class=\"post-excerpt\">Zdecydowa\u0142em si\u0119 na formu\u0142\u0119 bloga, poniewa\u017c pozwala mi ona w do\u015b\u0107 swobodny spos\u00f3b omawia\u0107 problemy, z kt\u00f3rymi stykam si\u0119 w&#8230;<\/p>\n","protected":false},"author":1,"featured_media":0,"parent":0,"menu_order":0,"comment_status":"closed","ping_status":"closed","template":"","meta":[],"_links":{"self":[{"href":"https:\/\/www.videogameslegal.pl\/index.php?rest_route=\/wp\/v2\/pages\/16"}],"collection":[{"href":"https:\/\/www.videogameslegal.pl\/index.php?rest_route=\/wp\/v2\/pages"}],"about":[{"href":"https:\/\/www.videogameslegal.pl\/index.php?rest_route=\/wp\/v2\/types\/page"}],"author":[{"embeddable":true,"href":"https:\/\/www.videogameslegal.pl\/index.php?rest_route=\/wp\/v2\/users\/1"}],"replies":[{"embeddable":true,"href":"https:\/\/www.videogameslegal.pl\/index.php?rest_route=%2Fwp%2Fv2%2Fcomments&post=16"}],"version-history":[{"count":2,"href":"https:\/\/www.videogameslegal.pl\/index.php?rest_route=\/wp\/v2\/pages\/16\/revisions"}],"predecessor-version":[{"id":68,"href":"https:\/\/www.videogameslegal.pl\/index.php?rest_route=\/wp\/v2\/pages\/16\/revisions\/68"}],"wp:attachment":[{"href":"https:\/\/www.videogameslegal.pl\/index.php?rest_route=%2Fwp%2Fv2%2Fmedia&parent=16"}],"curies":[{"name":"wp","href":"https:\/\/api.w.org\/{rel}","templated":true}]}}